{"id":56404,"date":"2024-02-02T01:07:12","date_gmt":"2024-02-02T01:07:12","guid":{"rendered":"https:\/\/moodultrepp.ee\/product\/small\/"},"modified":"2024-06-28T19:37:52","modified_gmt":"2024-06-28T19:37:52","slug":"small","status":"publish","type":"product","link":"https:\/\/moodultrepp.ee\/fi\/tuote\/small\/","title":{"rendered":"SMALL &#8211; Leveys 60cm"},"content":{"rendered":"<p><img fetchpriority=\"high\" decoding=\"async\" class=\"alignnone wp-image-56480 size-full\" src=\"https:\/\/moodultrepp.ee\/wp-content\/uploads\/2024\/02\/SMALL-mudel-toote-kirjeldus-FIN-1.png\" alt=\"\" width=\"1386\" height=\"1002\" srcset=\"https:\/\/moodultrepp.ee\/wp-content\/uploads\/2024\/02\/SMALL-mudel-toote-kirjeldus-FIN-1.png 1386w, https:\/\/moodultrepp.ee\/wp-content\/uploads\/2024\/02\/SMALL-mudel-toote-kirjeldus-FIN-1-300x217.png 300w, https:\/\/moodultrepp.ee\/wp-content\/uploads\/2024\/02\/SMALL-mudel-toote-kirjeldus-FIN-1-1024x740.png 1024w, https:\/\/moodultrepp.ee\/wp-content\/uploads\/2024\/02\/SMALL-mudel-toote-kirjeldus-FIN-1-768x555.png 768w, https:\/\/moodultrepp.ee\/wp-content\/uploads\/2024\/02\/SMALL-mudel-toote-kirjeldus-FIN-1-1200x868.png 1200w\" sizes=\"(max-width: 1386px) 100vw, 1386px\" \/><\/p>\n","protected":false},"excerpt":{"rendered":"<h4>Ter\u00e4srakenteinen miniporras, jonka askelmat on valmistettu luonnon koivuvanerista ja joka on suunniteltu optimoimaan olemassa oleva tila k\u00e4yt\u00e4nn\u00f6llisell\u00e4 ja turvallisella ratkaisulla.<\/h4>\n<div class=\"txt\">I-L-U-muotoinen 11 askeleessa . Askelmien muoto mahdollistaa kokonaismitoituksen pienent\u00e4misen k\u00e4ytt\u00f6mukavuudesta tinkim\u00e4tt\u00e4.<\/div>\n<div><\/div>\n<table>\n<tbody>\n<tr>\n<td>Portaan korkeus<\/td>\n<td>Min.200cm \u2013 Max.284cm<\/td>\n<\/tr>\n<\/tbody>\n<\/table>\n<table style=\"height: 27px;\" width=\"270\">\n<tbody>\n<tr>\n<td>Leveys<\/td>\n<td>\u00a0 \u00a0 \u00a0 \u00a0 \u00a0 \u00a0 \u00a0 \u00a0 \u00a0 \u00a0 \u00a0 \u00a0 \u00a0 \u00a0 \u00a0 \u00a0 \u00a0 \u00a0 \u00a0 \u00a0 \u00a0 \u00a0 60cm<\/td>\n<\/tr>\n<\/tbody>\n<\/table>\n<p>&nbsp;<\/p>\n","protected":false},"featured_media":54863,"comment_status":"closed","ping_status":"closed","template":"","meta":{"om_disable_all_campaigns":false,"_monsterinsights_skip_tracking":false,"_monsterinsights_sitenote_active":false,"_monsterinsights_sitenote_note":"","_monsterinsights_sitenote_category":0,"_uf_show_specific_survey":0,"_uf_disable_surveys":false},"product_brand":[],"product_cat":[399,400,401,404],"product_tag":[408],"class_list":{"0":"post-56404","1":"product","2":"type-product","3":"status-publish","4":"has-post-thumbnail","6":"product_cat-avatud-sirgedtrepid-fi","7":"product_cat-avatud-astmetega-trepid-fi","8":"product_cat-sisetrepid-fi","9":"product_cat-ruumisaastlikud-trepid-fi","10":"product_tag-product-template-02-fi","11":"pa_astme-laius-voi-labimoot-60-fi","12":"pa_konfiguratsioonid-l-kujuline-fi","13":"pa_konfiguratsioonid-sirge-fi","14":"pa_konfiguratsioonid-u-kujuline-fi","15":"description-off","17":"first","18":"instock","19":"taxable","20":"shipping-taxable","21":"purchasable","22":"product-type-variable","23":"has-default-attributes"},"acf":[],"aioseo_notices":[],"_links":{"self":[{"href":"https:\/\/moodultrepp.ee\/fi\/wp-json\/wp\/v2\/product\/56404","targetHints":{"allow":["GET"]}}],"collection":[{"href":"https:\/\/moodultrepp.ee\/fi\/wp-json\/wp\/v2\/product"}],"about":[{"href":"https:\/\/moodultrepp.ee\/fi\/wp-json\/wp\/v2\/types\/product"}],"replies":[{"embeddable":true,"href":"https:\/\/moodultrepp.ee\/fi\/wp-json\/wp\/v2\/comments?post=56404"}],"version-history":[{"count":5,"href":"https:\/\/moodultrepp.ee\/fi\/wp-json\/wp\/v2\/product\/56404\/revisions"}],"predecessor-version":[{"id":56527,"href":"https:\/\/moodultrepp.ee\/fi\/wp-json\/wp\/v2\/product\/56404\/revisions\/56527"}],"wp:featuredmedia":[{"embeddable":true,"href":"https:\/\/moodultrepp.ee\/fi\/wp-json\/wp\/v2\/media\/54863"}],"wp:attachment":[{"href":"https:\/\/moodultrepp.ee\/fi\/wp-json\/wp\/v2\/media?parent=56404"}],"wp:term":[{"taxonomy":"product_brand","embeddable":true,"href":"https:\/\/moodultrepp.ee\/fi\/wp-json\/wp\/v2\/product_brand?post=56404"},{"taxonomy":"product_cat","embeddable":true,"href":"https:\/\/moodultrepp.ee\/fi\/wp-json\/wp\/v2\/product_cat?post=56404"},{"taxonomy":"product_tag","embeddable":true,"href":"https:\/\/moodultrepp.ee\/fi\/wp-json\/wp\/v2\/product_tag?post=56404"}],"curies":[{"name":"wp","href":"https:\/\/api.w.org\/{rel}","templated":true}]}}