{"id":55846,"date":"2023-11-30T15:41:51","date_gmt":"2023-11-30T15:41:51","guid":{"rendered":"https:\/\/moodultrepp.ee\/product\/phola-keerdtrepid-spiraaltrepid-sisetrepid-moodultrepp-hea-hind-terastrepp\/"},"modified":"2024-06-28T20:51:41","modified_gmt":"2024-06-28T20:51:41","slug":"phola-keerdtrepid-spiraaltrepid-sisetrepid-moodultrepp-hea-hind-terastrepp","status":"publish","type":"product","link":"https:\/\/moodultrepp.ee\/fi\/tuote\/phola-keerdtrepid-spiraaltrepid-sisetrepid-moodultrepp-hea-hind-terastrepp\/","title":{"rendered":"PHOLA &#8211; Halkaisijat 105-120-140-160-180cm"},"content":{"rendered":"<p><img fetchpriority=\"high\" decoding=\"async\" class=\"alignnone wp-image-56495 size-full\" src=\"https:\/\/moodultrepp.ee\/wp-content\/uploads\/2023\/11\/PHOLA-mudel-toote-kirjeldus-FIN.png\" alt=\"\" width=\"1390\" height=\"1001\" srcset=\"https:\/\/moodultrepp.ee\/wp-content\/uploads\/2023\/11\/PHOLA-mudel-toote-kirjeldus-FIN.png 1390w, https:\/\/moodultrepp.ee\/wp-content\/uploads\/2023\/11\/PHOLA-mudel-toote-kirjeldus-FIN-300x216.png 300w, https:\/\/moodultrepp.ee\/wp-content\/uploads\/2023\/11\/PHOLA-mudel-toote-kirjeldus-FIN-1024x737.png 1024w, https:\/\/moodultrepp.ee\/wp-content\/uploads\/2023\/11\/PHOLA-mudel-toote-kirjeldus-FIN-768x553.png 768w, https:\/\/moodultrepp.ee\/wp-content\/uploads\/2023\/11\/PHOLA-mudel-toote-kirjeldus-FIN-1200x864.png 1200w\" sizes=\"(max-width: 1390px) 100vw, 1390px\" \/><\/p>\n","protected":false},"excerpt":{"rendered":"<h4>Modulaarinen kierreportaikko, jossa yhdistyv\u00e4t luonnonpuun l\u00e4mp\u00f6 ja ter\u00e4ksen lujuus.<\/h4>\n<div class=\"txt\">Saatavana useissa eri kulutuspinnan ja metalliv\u00e4reiss\u00e4, jotta se sopii t\u00e4ydellisesti mihin tahansa ymp\u00e4rist\u00f6\u00f6n.<\/div>\n<div><\/div>\n<table>\n<tbody>\n<tr>\n<td>Portaan korkeus<\/td>\n<td>Min.267cm \u2013 Max.312cm<\/td>\n<\/tr>\n<\/tbody>\n<\/table>\n<table>\n<tbody>\n<tr>\n<td>Halkaisijat<\/td>\n<td>\u00a0 \u00a0 \u00a0 \u00a0 \u00a0 \u00a0 \u00a0 \u00a0 \u00a0 \u00a0 \u00a0 \u00a0105-120-140-160-180cm<\/td>\n<\/tr>\n<\/tbody>\n<\/table>\n","protected":false},"featured_media":54550,"comment_status":"closed","ping_status":"closed","template":"","meta":{"om_disable_all_campaigns":false,"_monsterinsights_skip_tracking":false,"_monsterinsights_sitenote_active":false,"_monsterinsights_sitenote_note":"","_monsterinsights_sitenote_category":0,"_uf_show_specific_survey":0,"_uf_disable_surveys":false},"product_brand":[],"product_cat":[403,401,405],"product_tag":[408],"class_list":{"0":"post-55846","1":"product","2":"type-product","3":"status-publish","4":"has-post-thumbnail","6":"product_cat-keerdtrepid-fi","7":"product_cat-sisetrepid-fi","8":"product_cat-spiraaltrepid-keerdtrepid","9":"product_tag-product-template-02-fi","10":"pa_astme-laius-voi-labimoot-105-fi","11":"pa_astme-laius-voi-labimoot-120-fi","12":"pa_astme-laius-voi-labimoot-140-fi","13":"pa_astme-laius-voi-labimoot-160-fi","14":"pa_astme-laius-voi-labimoot-180-fi","15":"description-off","17":"first","18":"instock","19":"taxable","20":"shipping-taxable","21":"purchasable","22":"product-type-variable","23":"has-default-attributes"},"acf":[],"aioseo_notices":[],"_links":{"self":[{"href":"https:\/\/moodultrepp.ee\/fi\/wp-json\/wp\/v2\/product\/55846","targetHints":{"allow":["GET"]}}],"collection":[{"href":"https:\/\/moodultrepp.ee\/fi\/wp-json\/wp\/v2\/product"}],"about":[{"href":"https:\/\/moodultrepp.ee\/fi\/wp-json\/wp\/v2\/types\/product"}],"replies":[{"embeddable":true,"href":"https:\/\/moodultrepp.ee\/fi\/wp-json\/wp\/v2\/comments?post=55846"}],"version-history":[{"count":5,"href":"https:\/\/moodultrepp.ee\/fi\/wp-json\/wp\/v2\/product\/55846\/revisions"}],"predecessor-version":[{"id":56559,"href":"https:\/\/moodultrepp.ee\/fi\/wp-json\/wp\/v2\/product\/55846\/revisions\/56559"}],"wp:featuredmedia":[{"embeddable":true,"href":"https:\/\/moodultrepp.ee\/fi\/wp-json\/wp\/v2\/media\/54550"}],"wp:attachment":[{"href":"https:\/\/moodultrepp.ee\/fi\/wp-json\/wp\/v2\/media?parent=55846"}],"wp:term":[{"taxonomy":"product_brand","embeddable":true,"href":"https:\/\/moodultrepp.ee\/fi\/wp-json\/wp\/v2\/product_brand?post=55846"},{"taxonomy":"product_cat","embeddable":true,"href":"https:\/\/moodultrepp.ee\/fi\/wp-json\/wp\/v2\/product_cat?post=55846"},{"taxonomy":"product_tag","embeddable":true,"href":"https:\/\/moodultrepp.ee\/fi\/wp-json\/wp\/v2\/product_tag?post=55846"}],"curies":[{"name":"wp","href":"https:\/\/api.w.org\/{rel}","templated":true}]}}