{"id":55831,"date":"2023-12-25T12:08:39","date_gmt":"2023-12-25T12:08:39","guid":{"rendered":"https:\/\/moodultrepp.ee\/product\/gamia-metal\/"},"modified":"2024-06-28T20:43:58","modified_gmt":"2024-06-28T20:43:58","slug":"gamia-metal","status":"publish","type":"product","link":"https:\/\/moodultrepp.ee\/fi\/tuote\/gamia-metal\/","title":{"rendered":"GAMIA METAL &#8211; Halkaisijat 120-140cm"},"content":{"rendered":"<p><img fetchpriority=\"high\" decoding=\"async\" class=\"alignnone wp-image-56492 size-full\" src=\"https:\/\/moodultrepp.ee\/wp-content\/uploads\/2023\/12\/GAMIA-METAL-mudel-toote-kirjeldus-FIN-1.png\" alt=\"\" width=\"1391\" height=\"1002\" srcset=\"https:\/\/moodultrepp.ee\/wp-content\/uploads\/2023\/12\/GAMIA-METAL-mudel-toote-kirjeldus-FIN-1.png 1391w, https:\/\/moodultrepp.ee\/wp-content\/uploads\/2023\/12\/GAMIA-METAL-mudel-toote-kirjeldus-FIN-1-300x216.png 300w, https:\/\/moodultrepp.ee\/wp-content\/uploads\/2023\/12\/GAMIA-METAL-mudel-toote-kirjeldus-FIN-1-1024x738.png 1024w, https:\/\/moodultrepp.ee\/wp-content\/uploads\/2023\/12\/GAMIA-METAL-mudel-toote-kirjeldus-FIN-1-768x553.png 768w, https:\/\/moodultrepp.ee\/wp-content\/uploads\/2023\/12\/GAMIA-METAL-mudel-toote-kirjeldus-FIN-1-1200x864.png 1200w\" sizes=\"(max-width: 1391px) 100vw, 1391px\" \/><\/p>\n","protected":false},"excerpt":{"rendered":"<h4>Metalliset Gamia-kierreportaat ovat saatavana useissa eri v\u00e4reiss\u00e4, ja niiden huippumoderni muotoilu t\u00e4ydent\u00e4\u00e4 mit\u00e4 tahansa modernia asuintilaa.<\/h4>\n<div class=\"txt\">Etsitp\u00e4 sitten jotain eleganttia ja hillitty\u00e4 tai ilmeik\u00e4st\u00e4 ja rohkeaa, Gamia Metal vastaa tarpeitasi.<\/div>\n<table>\n<tbody>\n<tr>\n<td>Portaan korkeus<\/td>\n<td>Min.210cm \u2013 Max.299cm<\/td>\n<\/tr>\n<\/tbody>\n<\/table>\n<table>\n<tbody>\n<tr>\n<td>Halkaisijat<\/td>\n<td>\u00a0 \u00a0 \u00a0 \u00a0 \u00a0 \u00a0 \u00a0 \u00a0 \u00a0 \u00a0 \u00a0 \u00a0 \u00a0 \u00a0 \u00a0 \u00a0 \u00a0 \u00a0 \u00a0 \u00a0 \u00a0 \u00a0120\u2013140 cm<\/td>\n<\/tr>\n<\/tbody>\n<\/table>\n<p>&nbsp;<\/p>\n","protected":false},"featured_media":54576,"comment_status":"closed","ping_status":"closed","template":"","meta":{"om_disable_all_campaigns":false,"_monsterinsights_skip_tracking":false,"_monsterinsights_sitenote_active":false,"_monsterinsights_sitenote_note":"","_monsterinsights_sitenote_category":0,"_uf_show_specific_survey":0,"_uf_disable_surveys":false},"product_brand":[],"product_cat":[403,401,405],"product_tag":[408],"class_list":{"0":"post-55831","1":"product","2":"type-product","3":"status-publish","4":"has-post-thumbnail","6":"product_cat-keerdtrepid-fi","7":"product_cat-sisetrepid-fi","8":"product_cat-spiraaltrepid-keerdtrepid","9":"product_tag-product-template-02-fi","10":"pa_astme-laius-voi-labimoot-120-fi","11":"pa_astme-laius-voi-labimoot-140-fi","12":"description-off","14":"first","15":"instock","16":"taxable","17":"shipping-taxable","18":"purchasable","19":"product-type-variable","20":"has-default-attributes"},"acf":[],"aioseo_notices":[],"_links":{"self":[{"href":"https:\/\/moodultrepp.ee\/fi\/wp-json\/wp\/v2\/product\/55831","targetHints":{"allow":["GET"]}}],"collection":[{"href":"https:\/\/moodultrepp.ee\/fi\/wp-json\/wp\/v2\/product"}],"about":[{"href":"https:\/\/moodultrepp.ee\/fi\/wp-json\/wp\/v2\/types\/product"}],"replies":[{"embeddable":true,"href":"https:\/\/moodultrepp.ee\/fi\/wp-json\/wp\/v2\/comments?post=55831"}],"version-history":[{"count":5,"href":"https:\/\/moodultrepp.ee\/fi\/wp-json\/wp\/v2\/product\/55831\/revisions"}],"predecessor-version":[{"id":56556,"href":"https:\/\/moodultrepp.ee\/fi\/wp-json\/wp\/v2\/product\/55831\/revisions\/56556"}],"wp:featuredmedia":[{"embeddable":true,"href":"https:\/\/moodultrepp.ee\/fi\/wp-json\/wp\/v2\/media\/54576"}],"wp:attachment":[{"href":"https:\/\/moodultrepp.ee\/fi\/wp-json\/wp\/v2\/media?parent=55831"}],"wp:term":[{"taxonomy":"product_brand","embeddable":true,"href":"https:\/\/moodultrepp.ee\/fi\/wp-json\/wp\/v2\/product_brand?post=55831"},{"taxonomy":"product_cat","embeddable":true,"href":"https:\/\/moodultrepp.ee\/fi\/wp-json\/wp\/v2\/product_cat?post=55831"},{"taxonomy":"product_tag","embeddable":true,"href":"https:\/\/moodultrepp.ee\/fi\/wp-json\/wp\/v2\/product_tag?post=55831"}],"curies":[{"name":"wp","href":"https:\/\/api.w.org\/{rel}","templated":true}]}}