{"id":55820,"date":"2024-01-22T22:52:23","date_gmt":"2024-01-22T22:52:23","guid":{"rendered":"https:\/\/moodultrepp.ee\/product\/exterior-zink\/"},"modified":"2024-06-28T20:18:23","modified_gmt":"2024-06-28T20:18:23","slug":"exterior-zink","status":"publish","type":"product","link":"https:\/\/moodultrepp.ee\/fi\/tuote\/exterior-zink\/","title":{"rendered":"EXTERIOR ZINK &#8211; Halkaisijat 120\u2013140\u2013160cm"},"content":{"rendered":"<p><img fetchpriority=\"high\" decoding=\"async\" class=\"alignnone wp-image-56489 size-full\" src=\"https:\/\/moodultrepp.ee\/wp-content\/uploads\/2024\/01\/EXTERIOR-ZINK.png\" alt=\"\" width=\"2948\" height=\"2134\" srcset=\"https:\/\/moodultrepp.ee\/wp-content\/uploads\/2024\/01\/EXTERIOR-ZINK.png 2560w, https:\/\/moodultrepp.ee\/wp-content\/uploads\/2024\/01\/EXTERIOR-ZINK-300x217.png 300w, https:\/\/moodultrepp.ee\/wp-content\/uploads\/2024\/01\/EXTERIOR-ZINK-1024x741.png 1024w, https:\/\/moodultrepp.ee\/wp-content\/uploads\/2024\/01\/EXTERIOR-ZINK-768x556.png 768w, https:\/\/moodultrepp.ee\/wp-content\/uploads\/2024\/01\/EXTERIOR-ZINK-1536x1112.png 1536w, https:\/\/moodultrepp.ee\/wp-content\/uploads\/2024\/01\/EXTERIOR-ZINK-2048x1483.png 2048w, https:\/\/moodultrepp.ee\/wp-content\/uploads\/2024\/01\/EXTERIOR-ZINK-1200x869.png 1200w\" sizes=\"(max-width: 2948px) 100vw, 2948px\" \/><\/p>\n","protected":false},"excerpt":{"rendered":"<h4>EXTERIOR ZINK on ulkoporras, joka sopii erinomaisesti kaikenlaisiin tiloihin, koska se on eritt\u00e4in monipuolinen ja s\u00e4\u00e4nkest\u00e4v\u00e4.<\/h4>\n<div class=\"txt\">Rakenne on valmistettu galvanoidusta ter\u00e4ksest\u00e4, ja se kest\u00e4\u00e4 l\u00e4mp\u00f6tilanvaihtelut<br \/>\n-20 \u00b0C:sta +50 \u00b0C:een.<\/div>\n<table>\n<tbody>\n<tr>\n<td>Portaan korkeus<\/td>\n<td>Min.210cm \u2013 Max.299cm<\/td>\n<\/tr>\n<\/tbody>\n<\/table>\n<table>\n<tbody>\n<tr>\n<td>Halkaisijat<\/td>\n<td>\u00a0 \u00a0 \u00a0 \u00a0 \u00a0 \u00a0 \u00a0 \u00a0 \u00a0 \u00a0 \u00a0 \u00a0 \u00a0 \u00a0 \u00a0 \u00a0 \u00a0 \u00a0 \u00a0120\u2013140\u2013160cm<\/td>\n<\/tr>\n<\/tbody>\n<\/table>\n<p>&nbsp;<\/p>\n","protected":false},"featured_media":54704,"comment_status":"closed","ping_status":"closed","template":"","meta":{"om_disable_all_campaigns":false,"_monsterinsights_skip_tracking":false,"_monsterinsights_sitenote_active":false,"_monsterinsights_sitenote_note":"","_monsterinsights_sitenote_category":0,"_uf_show_specific_survey":0,"_uf_disable_surveys":false},"product_brand":[],"product_cat":[405,407],"product_tag":[408],"class_list":{"0":"post-55820","1":"product","2":"type-product","3":"status-publish","4":"has-post-thumbnail","6":"product_cat-spiraaltrepid-keerdtrepid","7":"product_cat-valistrepid-fi","8":"product_tag-product-template-02-fi","9":"pa_astme-laius-voi-labimoot-120-fi","10":"pa_astme-laius-voi-labimoot-140-fi","11":"pa_astme-laius-voi-labimoot-160-fi","12":"description-off","14":"first","15":"instock","16":"taxable","17":"shipping-taxable","18":"purchasable","19":"product-type-variable","20":"has-default-attributes"},"acf":[],"aioseo_notices":[],"_links":{"self":[{"href":"https:\/\/moodultrepp.ee\/fi\/wp-json\/wp\/v2\/product\/55820","targetHints":{"allow":["GET"]}}],"collection":[{"href":"https:\/\/moodultrepp.ee\/fi\/wp-json\/wp\/v2\/product"}],"about":[{"href":"https:\/\/moodultrepp.ee\/fi\/wp-json\/wp\/v2\/types\/product"}],"replies":[{"embeddable":true,"href":"https:\/\/moodultrepp.ee\/fi\/wp-json\/wp\/v2\/comments?post=55820"}],"version-history":[{"count":5,"href":"https:\/\/moodultrepp.ee\/fi\/wp-json\/wp\/v2\/product\/55820\/revisions"}],"predecessor-version":[{"id":56552,"href":"https:\/\/moodultrepp.ee\/fi\/wp-json\/wp\/v2\/product\/55820\/revisions\/56552"}],"wp:featuredmedia":[{"embeddable":true,"href":"https:\/\/moodultrepp.ee\/fi\/wp-json\/wp\/v2\/media\/54704"}],"wp:attachment":[{"href":"https:\/\/moodultrepp.ee\/fi\/wp-json\/wp\/v2\/media?parent=55820"}],"wp:term":[{"taxonomy":"product_brand","embeddable":true,"href":"https:\/\/moodultrepp.ee\/fi\/wp-json\/wp\/v2\/product_brand?post=55820"},{"taxonomy":"product_cat","embeddable":true,"href":"https:\/\/moodultrepp.ee\/fi\/wp-json\/wp\/v2\/product_cat?post=55820"},{"taxonomy":"product_tag","embeddable":true,"href":"https:\/\/moodultrepp.ee\/fi\/wp-json\/wp\/v2\/product_tag?post=55820"}],"curies":[{"name":"wp","href":"https:\/\/api.w.org\/{rel}","templated":true}]}}