{"id":55771,"date":"2024-01-28T05:45:52","date_gmt":"2024-01-28T05:45:52","guid":{"rendered":"https:\/\/moodultrepp.ee\/product\/mini\/"},"modified":"2024-06-28T20:14:10","modified_gmt":"2024-06-28T20:14:10","slug":"mini","status":"publish","type":"product","link":"https:\/\/moodultrepp.ee\/fi\/tuote\/mini\/","title":{"rendered":"MINI &#8211; Leveys 61cm"},"content":{"rendered":"<p><img fetchpriority=\"high\" decoding=\"async\" class=\"alignnone wp-image-56486 size-full\" src=\"https:\/\/moodultrepp.ee\/wp-content\/uploads\/2024\/01\/MINI-mudel-toote-kirjeldus-FIN.png\" alt=\"\" width=\"1388\" height=\"1001\" srcset=\"https:\/\/moodultrepp.ee\/wp-content\/uploads\/2024\/01\/MINI-mudel-toote-kirjeldus-FIN.png 1388w, https:\/\/moodultrepp.ee\/wp-content\/uploads\/2024\/01\/MINI-mudel-toote-kirjeldus-FIN-300x216.png 300w, https:\/\/moodultrepp.ee\/wp-content\/uploads\/2024\/01\/MINI-mudel-toote-kirjeldus-FIN-1024x738.png 1024w, https:\/\/moodultrepp.ee\/wp-content\/uploads\/2024\/01\/MINI-mudel-toote-kirjeldus-FIN-768x554.png 768w, https:\/\/moodultrepp.ee\/wp-content\/uploads\/2024\/01\/MINI-mudel-toote-kirjeldus-FIN-1200x865.png 1200w\" sizes=\"(max-width: 1388px) 100vw, 1388px\" \/><\/p>\n","protected":false},"excerpt":{"rendered":"<h4>Tilaa s\u00e4\u00e4st\u00e4v\u00e4 portaikko, jossa on oikean muotoiset askelmat,<br \/>\njotta tilan k\u00e4ytt\u00f6 olisi optimaalista ja esteit\u00e4 olisi mahdollisimman v\u00e4h\u00e4n.<\/h4>\n<div class=\"txt\">Portaat on valmistettu massiivipuusta, py\u00f6kist\u00e4, ja niit\u00e4 voidaan muokata monien saatavilla<br \/>\nolevien v\u00e4rivaihtoehtojen ansiosta.<\/div>\n<div><\/div>\n<table>\n<tbody>\n<tr>\n<td>Portaan korkeus<\/td>\n<td>Min.201cm \u2013 Max.285cm<\/td>\n<\/tr>\n<\/tbody>\n<\/table>\n<p>Leveys\u00a0 \u00a0 \u00a0 \u00a0 \u00a0 \u00a0 \u00a0 \u00a0 \u00a0 \u00a0 \u00a0 \u00a0 \u00a0 \u00a0 \u00a0 \u00a0 \u00a0 \u00a0 \u00a0 \u00a0 61cm<\/p>\n","protected":false},"featured_media":54771,"comment_status":"closed","ping_status":"closed","template":"","meta":{"om_disable_all_campaigns":false,"_monsterinsights_skip_tracking":false,"_monsterinsights_sitenote_active":false,"_monsterinsights_sitenote_note":"","_monsterinsights_sitenote_category":0,"_uf_show_specific_survey":0,"_uf_disable_surveys":false},"product_brand":[],"product_cat":[399,400,401,404],"product_tag":[408],"class_list":{"0":"post-55771","1":"product","2":"type-product","3":"status-publish","4":"has-post-thumbnail","6":"product_cat-avatud-sirgedtrepid-fi","7":"product_cat-avatud-astmetega-trepid-fi","8":"product_cat-sisetrepid-fi","9":"product_cat-ruumisaastlikud-trepid-fi","10":"product_tag-product-template-02-fi","11":"pa_astme-laius-voi-labimoot-60-5-fi","12":"pa_konfiguratsioonid-l-kujuline-fi","13":"pa_konfiguratsioonid-sirge-fi","14":"pa_konfiguratsioonid-u-kujuline-fi","15":"description-off","17":"first","18":"instock","19":"taxable","20":"shipping-taxable","21":"purchasable","22":"product-type-variable","23":"has-default-attributes"},"acf":[],"aioseo_notices":[],"_links":{"self":[{"href":"https:\/\/moodultrepp.ee\/fi\/wp-json\/wp\/v2\/product\/55771","targetHints":{"allow":["GET"]}}],"collection":[{"href":"https:\/\/moodultrepp.ee\/fi\/wp-json\/wp\/v2\/product"}],"about":[{"href":"https:\/\/moodultrepp.ee\/fi\/wp-json\/wp\/v2\/types\/product"}],"replies":[{"embeddable":true,"href":"https:\/\/moodultrepp.ee\/fi\/wp-json\/wp\/v2\/comments?post=55771"}],"version-history":[{"count":5,"href":"https:\/\/moodultrepp.ee\/fi\/wp-json\/wp\/v2\/product\/55771\/revisions"}],"predecessor-version":[{"id":56549,"href":"https:\/\/moodultrepp.ee\/fi\/wp-json\/wp\/v2\/product\/55771\/revisions\/56549"}],"wp:featuredmedia":[{"embeddable":true,"href":"https:\/\/moodultrepp.ee\/fi\/wp-json\/wp\/v2\/media\/54771"}],"wp:attachment":[{"href":"https:\/\/moodultrepp.ee\/fi\/wp-json\/wp\/v2\/media?parent=55771"}],"wp:term":[{"taxonomy":"product_brand","embeddable":true,"href":"https:\/\/moodultrepp.ee\/fi\/wp-json\/wp\/v2\/product_brand?post=55771"},{"taxonomy":"product_cat","embeddable":true,"href":"https:\/\/moodultrepp.ee\/fi\/wp-json\/wp\/v2\/product_cat?post=55771"},{"taxonomy":"product_tag","embeddable":true,"href":"https:\/\/moodultrepp.ee\/fi\/wp-json\/wp\/v2\/product_tag?post=55771"}],"curies":[{"name":"wp","href":"https:\/\/api.w.org\/{rel}","templated":true}]}}