{"id":55762,"date":"2024-01-29T20:31:58","date_gmt":"2024-01-29T20:31:58","guid":{"rendered":"https:\/\/moodultrepp.ee\/product\/hoop\/"},"modified":"2024-06-28T19:57:34","modified_gmt":"2024-06-28T19:57:34","slug":"hoop","status":"publish","type":"product","link":"https:\/\/moodultrepp.ee\/fi\/tuote\/hoop\/","title":{"rendered":"HOOP &#8211; Halkaisijat 118-138cm"},"content":{"rendered":"<p><img fetchpriority=\"high\" decoding=\"async\" class=\"alignnone wp-image-56483 size-full\" src=\"https:\/\/moodultrepp.ee\/wp-content\/uploads\/2024\/01\/HOOP.png\" alt=\"\" width=\"2944\" height=\"2138\" srcset=\"https:\/\/moodultrepp.ee\/wp-content\/uploads\/2024\/01\/HOOP.png 2560w, https:\/\/moodultrepp.ee\/wp-content\/uploads\/2024\/01\/HOOP-300x218.png 300w, https:\/\/moodultrepp.ee\/wp-content\/uploads\/2024\/01\/HOOP-1024x744.png 1024w, https:\/\/moodultrepp.ee\/wp-content\/uploads\/2024\/01\/HOOP-768x558.png 768w, https:\/\/moodultrepp.ee\/wp-content\/uploads\/2024\/01\/HOOP-1536x1115.png 1536w, https:\/\/moodultrepp.ee\/wp-content\/uploads\/2024\/01\/HOOP-2048x1487.png 2048w, https:\/\/moodultrepp.ee\/wp-content\/uploads\/2024\/01\/HOOP-1200x871.png 1200w\" sizes=\"(max-width: 2944px) 100vw, 2944px\" \/><\/p>\n<p>&nbsp;<\/p>\n","protected":false},"excerpt":{"rendered":"<h4>Yksinkertaiset ja k\u00e4yt\u00e4nn\u00f6lliset kierreportaat, joissa on ter\u00e4srakenne ja askelmat luonnon koivuvaneria.<\/h4>\n<div class=\"txt\">Askelmien muoto on suunniteltu v\u00e4hent\u00e4m\u00e4\u00e4n kokonaistilantarvetta ja optimoimaan k\u00e4ytett\u00e4viss\u00e4 oleva tila.<\/div>\n<table>\n<tbody>\n<tr>\n<td>Portaan korkeus<\/td>\n<td>Min.205cm \u2013 Max.312cm<\/td>\n<\/tr>\n<\/tbody>\n<\/table>\n<table>\n<tbody>\n<tr>\n<td>Halkaisijat<\/td>\n<td>\u00a0 \u00a0 \u00a0 \u00a0 \u00a0 \u00a0 \u00a0 \u00a0 \u00a0 \u00a0 \u00a0 \u00a0 \u00a0 \u00a0 \u00a0 \u00a0 \u00a0 \u00a0 \u00a0 \u00a0 \u00a0 \u00a0 \u00a0118-138cm<\/td>\n<\/tr>\n<\/tbody>\n<\/table>\n","protected":false},"featured_media":54714,"comment_status":"closed","ping_status":"closed","template":"","meta":{"om_disable_all_campaigns":false,"_monsterinsights_skip_tracking":false,"_monsterinsights_sitenote_active":false,"_monsterinsights_sitenote_note":"","_monsterinsights_sitenote_category":0,"_uf_show_specific_survey":0,"_uf_disable_surveys":false},"product_brand":[],"product_cat":[403,405,404],"product_tag":[408],"class_list":{"0":"post-55762","1":"product","2":"type-product","3":"status-publish","4":"has-post-thumbnail","6":"product_cat-keerdtrepid-fi","7":"product_cat-spiraaltrepid-keerdtrepid","8":"product_cat-ruumisaastlikud-trepid-fi","9":"product_tag-product-template-02-fi","10":"pa_astme-laius-voi-labimoot-118-fi","11":"pa_astme-laius-voi-labimoot-138-fi","12":"pa_trepp-12-1-maandumisastmega-fi","13":"pa_trepp-12-1-standart-12-maandumisastmeta-fi","14":"description-off","16":"first","17":"instock","18":"taxable","19":"shipping-taxable","20":"purchasable","21":"product-type-variable","22":"has-default-attributes"},"acf":[],"aioseo_notices":[],"_links":{"self":[{"href":"https:\/\/moodultrepp.ee\/fi\/wp-json\/wp\/v2\/product\/55762","targetHints":{"allow":["GET"]}}],"collection":[{"href":"https:\/\/moodultrepp.ee\/fi\/wp-json\/wp\/v2\/product"}],"about":[{"href":"https:\/\/moodultrepp.ee\/fi\/wp-json\/wp\/v2\/types\/product"}],"replies":[{"embeddable":true,"href":"https:\/\/moodultrepp.ee\/fi\/wp-json\/wp\/v2\/comments?post=55762"}],"version-history":[{"count":5,"href":"https:\/\/moodultrepp.ee\/fi\/wp-json\/wp\/v2\/product\/55762\/revisions"}],"predecessor-version":[{"id":56538,"href":"https:\/\/moodultrepp.ee\/fi\/wp-json\/wp\/v2\/product\/55762\/revisions\/56538"}],"wp:featuredmedia":[{"embeddable":true,"href":"https:\/\/moodultrepp.ee\/fi\/wp-json\/wp\/v2\/media\/54714"}],"wp:attachment":[{"href":"https:\/\/moodultrepp.ee\/fi\/wp-json\/wp\/v2\/media?parent=55762"}],"wp:term":[{"taxonomy":"product_brand","embeddable":true,"href":"https:\/\/moodultrepp.ee\/fi\/wp-json\/wp\/v2\/product_brand?post=55762"},{"taxonomy":"product_cat","embeddable":true,"href":"https:\/\/moodultrepp.ee\/fi\/wp-json\/wp\/v2\/product_cat?post=55762"},{"taxonomy":"product_tag","embeddable":true,"href":"https:\/\/moodultrepp.ee\/fi\/wp-json\/wp\/v2\/product_tag?post=55762"}],"curies":[{"name":"wp","href":"https:\/\/api.w.org\/{rel}","templated":true}]}}