{"id":55116,"date":"2024-02-10T23:14:42","date_gmt":"2024-02-10T23:14:42","guid":{"rendered":"https:\/\/moodultrepp.ee\/product\/tekla\/"},"modified":"2024-06-28T19:45:28","modified_gmt":"2024-06-28T19:45:28","slug":"tekla","status":"publish","type":"product","link":"https:\/\/moodultrepp.ee\/fi\/tuote\/tekla\/","title":{"rendered":"TEKLA &#8211; Halkaisijat 105-120-140-160-180cm"},"content":{"rendered":"<p><img fetchpriority=\"high\" decoding=\"async\" class=\"alignnone wp-image-56474 size-full\" src=\"https:\/\/moodultrepp.ee\/wp-content\/uploads\/2024\/02\/TEKLA-mudel-toote-kirjeldus-FIN-1.png\" alt=\"\" width=\"1389\" height=\"999\" srcset=\"https:\/\/moodultrepp.ee\/wp-content\/uploads\/2024\/02\/TEKLA-mudel-toote-kirjeldus-FIN-1.png 1389w, https:\/\/moodultrepp.ee\/wp-content\/uploads\/2024\/02\/TEKLA-mudel-toote-kirjeldus-FIN-1-300x216.png 300w, https:\/\/moodultrepp.ee\/wp-content\/uploads\/2024\/02\/TEKLA-mudel-toote-kirjeldus-FIN-1-1024x736.png 1024w, https:\/\/moodultrepp.ee\/wp-content\/uploads\/2024\/02\/TEKLA-mudel-toote-kirjeldus-FIN-1-768x552.png 768w, https:\/\/moodultrepp.ee\/wp-content\/uploads\/2024\/02\/TEKLA-mudel-toote-kirjeldus-FIN-1-1200x863.png 1200w\" sizes=\"(max-width: 1389px) 100vw, 1389px\" \/><\/p>\n","protected":false},"excerpt":{"rendered":"<h4>Ihanteellinen neli\u00f6nmuotoinen kierreportaikko kahden tai useamman sein\u00e4n v\u00e4liin<br \/>\nasennettavaksi. Askelmien muoto on suunniteltu erityisesti tilan k\u00e4yt\u00e4nn\u00f6lliseksi ja<br \/>\ntoimivaksi hy\u00f6dynt\u00e4miseksi.<\/h4>\n<div class=\"txt\">Saatavana useissa eri askelmien ja metallirakenteen v\u00e4reiss\u00e4, jotta se sopii t\u00e4ydellisesti mihin tahansa ymp\u00e4rist\u00f6\u00f6n.<\/div>\n<table>\n<tbody>\n<tr>\n<td>Portaan korkeus<\/td>\n<td>Min.175cm \u2013 Max.312cm<\/td>\n<\/tr>\n<\/tbody>\n<\/table>\n<table>\n<tbody>\n<tr>\n<td>Halkaisijat<\/td>\n<td>\u00a0 \u00a0 \u00a0 \u00a0 \u00a0 \u00a0 \u00a0 \u00a0 \u00a0 \u00a0105-120-140-160-180cm<\/td>\n<\/tr>\n<\/tbody>\n<\/table>\n","protected":false},"featured_media":55018,"comment_status":"closed","ping_status":"closed","template":"","meta":{"om_disable_all_campaigns":false,"_monsterinsights_skip_tracking":false,"_monsterinsights_sitenote_active":false,"_monsterinsights_sitenote_note":"","_monsterinsights_sitenote_category":0,"_uf_show_specific_survey":0,"_uf_disable_surveys":false},"product_brand":[],"product_cat":[403,401,405],"product_tag":[408],"class_list":{"0":"post-55116","1":"product","2":"type-product","3":"status-publish","4":"has-post-thumbnail","6":"product_cat-keerdtrepid-fi","7":"product_cat-sisetrepid-fi","8":"product_cat-spiraaltrepid-keerdtrepid","9":"product_tag-product-template-02-fi","10":"pa_astme-laius-voi-labimoot-105-fi","11":"pa_astme-laius-voi-labimoot-120-fi","12":"pa_astme-laius-voi-labimoot-140-fi","13":"pa_astme-laius-voi-labimoot-160-fi","14":"pa_astme-laius-voi-labimoot-180-fi","15":"description-off","17":"first","18":"instock","19":"taxable","20":"shipping-taxable","21":"purchasable","22":"product-type-variable","23":"has-default-attributes"},"acf":[],"aioseo_notices":[],"_links":{"self":[{"href":"https:\/\/moodultrepp.ee\/fi\/wp-json\/wp\/v2\/product\/55116","targetHints":{"allow":["GET"]}}],"collection":[{"href":"https:\/\/moodultrepp.ee\/fi\/wp-json\/wp\/v2\/product"}],"about":[{"href":"https:\/\/moodultrepp.ee\/fi\/wp-json\/wp\/v2\/types\/product"}],"replies":[{"embeddable":true,"href":"https:\/\/moodultrepp.ee\/fi\/wp-json\/wp\/v2\/comments?post=55116"}],"version-history":[{"count":5,"href":"https:\/\/moodultrepp.ee\/fi\/wp-json\/wp\/v2\/product\/55116\/revisions"}],"predecessor-version":[{"id":56532,"href":"https:\/\/moodultrepp.ee\/fi\/wp-json\/wp\/v2\/product\/55116\/revisions\/56532"}],"wp:featuredmedia":[{"embeddable":true,"href":"https:\/\/moodultrepp.ee\/fi\/wp-json\/wp\/v2\/media\/55018"}],"wp:attachment":[{"href":"https:\/\/moodultrepp.ee\/fi\/wp-json\/wp\/v2\/media?parent=55116"}],"wp:term":[{"taxonomy":"product_brand","embeddable":true,"href":"https:\/\/moodultrepp.ee\/fi\/wp-json\/wp\/v2\/product_brand?post=55116"},{"taxonomy":"product_cat","embeddable":true,"href":"https:\/\/moodultrepp.ee\/fi\/wp-json\/wp\/v2\/product_cat?post=55116"},{"taxonomy":"product_tag","embeddable":true,"href":"https:\/\/moodultrepp.ee\/fi\/wp-json\/wp\/v2\/product_tag?post=55116"}],"curies":[{"name":"wp","href":"https:\/\/api.w.org\/{rel}","templated":true}]}}