{"id":55083,"date":"2024-02-11T23:00:54","date_gmt":"2024-02-11T23:00:54","guid":{"rendered":"https:\/\/moodultrepp.ee\/product\/cantivever\/"},"modified":"2024-06-13T10:38:53","modified_gmt":"2024-06-13T10:38:53","slug":"cantivever","status":"publish","type":"product","link":"https:\/\/moodultrepp.ee\/fi\/tuote\/cantivever\/","title":{"rendered":"CANTILEVER"},"content":{"rendered":"<p><img fetchpriority=\"high\" decoding=\"async\" class=\"alignnone wp-image-56457 size-full\" src=\"https:\/\/moodultrepp.ee\/wp-content\/uploads\/2024\/06\/CANTILEVER-mudel-toote-kirjeldus-FIN.png\" alt=\"\" width=\"1391\" height=\"1006\" srcset=\"https:\/\/moodultrepp.ee\/wp-content\/uploads\/2024\/06\/CANTILEVER-mudel-toote-kirjeldus-FIN.png 1391w, https:\/\/moodultrepp.ee\/wp-content\/uploads\/2024\/06\/CANTILEVER-mudel-toote-kirjeldus-FIN-300x217.png 300w, https:\/\/moodultrepp.ee\/wp-content\/uploads\/2024\/06\/CANTILEVER-mudel-toote-kirjeldus-FIN-1024x741.png 1024w, https:\/\/moodultrepp.ee\/wp-content\/uploads\/2024\/06\/CANTILEVER-mudel-toote-kirjeldus-FIN-768x555.png 768w, https:\/\/moodultrepp.ee\/wp-content\/uploads\/2024\/06\/CANTILEVER-mudel-toote-kirjeldus-FIN-1200x868.png 1200w\" sizes=\"(max-width: 1391px) 100vw, 1391px\" \/><\/p>\n","protected":false},"excerpt":{"rendered":"<h4>Massiivipuusta valmistettu portaikko, jossa on 12 askelmaa.<br \/>\nT\u00e4ydellinen moderniin ja minimalistiseen ymp\u00e4rist\u00f6\u00f6n,<br \/>\nse valaisee mink\u00e4 tahansa huoneen.<\/h4>\n<div class=\"txt\">Modulaariset ter\u00e4selementit, jotka voidaan kiinnitt\u00e4\u00e4 sein\u00e4\u00e4n.<\/div>\n<table>\n<tbody>\n<tr>\n<td>Portaan syvyys:<\/td>\n<td>32 cm<\/td>\n<\/tr>\n<\/tbody>\n<\/table>\n","protected":false},"featured_media":55039,"comment_status":"closed","ping_status":"closed","template":"","meta":{"om_disable_all_campaigns":false,"_monsterinsights_skip_tracking":false,"_monsterinsights_sitenote_active":false,"_monsterinsights_sitenote_note":"","_monsterinsights_sitenote_category":0,"_uf_show_specific_survey":0,"_uf_disable_surveys":false},"product_brand":[],"product_cat":[399,400,401],"product_tag":[408],"class_list":{"0":"post-55083","1":"product","2":"type-product","3":"status-publish","4":"has-post-thumbnail","6":"product_cat-avatud-sirgedtrepid-fi","7":"product_cat-avatud-astmetega-trepid-fi","8":"product_cat-sisetrepid-fi","9":"product_tag-product-template-02-fi","10":"pa_astme-laius-voi-labimoot-80-fi","11":"pa_astme-laius-voi-labimoot-90-fi","12":"pa_konfiguratsioonid-l-kujuline-fi","13":"pa_konfiguratsioonid-sirge-fi","14":"description-off","16":"first","17":"instock","18":"taxable","19":"shipping-taxable","20":"purchasable","21":"product-type-variable","22":"has-default-attributes"},"acf":[],"aioseo_notices":[],"_links":{"self":[{"href":"https:\/\/moodultrepp.ee\/fi\/wp-json\/wp\/v2\/product\/55083","targetHints":{"allow":["GET"]}}],"collection":[{"href":"https:\/\/moodultrepp.ee\/fi\/wp-json\/wp\/v2\/product"}],"about":[{"href":"https:\/\/moodultrepp.ee\/fi\/wp-json\/wp\/v2\/types\/product"}],"replies":[{"embeddable":true,"href":"https:\/\/moodultrepp.ee\/fi\/wp-json\/wp\/v2\/comments?post=55083"}],"version-history":[{"count":4,"href":"https:\/\/moodultrepp.ee\/fi\/wp-json\/wp\/v2\/product\/55083\/revisions"}],"predecessor-version":[{"id":56471,"href":"https:\/\/moodultrepp.ee\/fi\/wp-json\/wp\/v2\/product\/55083\/revisions\/56471"}],"wp:featuredmedia":[{"embeddable":true,"href":"https:\/\/moodultrepp.ee\/fi\/wp-json\/wp\/v2\/media\/55039"}],"wp:attachment":[{"href":"https:\/\/moodultrepp.ee\/fi\/wp-json\/wp\/v2\/media?parent=55083"}],"wp:term":[{"taxonomy":"product_brand","embeddable":true,"href":"https:\/\/moodultrepp.ee\/fi\/wp-json\/wp\/v2\/product_brand?post=55083"},{"taxonomy":"product_cat","embeddable":true,"href":"https:\/\/moodultrepp.ee\/fi\/wp-json\/wp\/v2\/product_cat?post=55083"},{"taxonomy":"product_tag","embeddable":true,"href":"https:\/\/moodultrepp.ee\/fi\/wp-json\/wp\/v2\/product_tag?post=55083"}],"curies":[{"name":"wp","href":"https:\/\/api.w.org\/{rel}","templated":true}]}}