{"id":56036,"date":"2023-10-05T16:53:18","date_gmt":"2023-10-05T16:53:18","guid":{"rendered":"https:\/\/moodultrepp.ee\/rintal\/"},"modified":"2024-06-17T07:45:06","modified_gmt":"2024-06-17T07:45:06","slug":"rintal","status":"publish","type":"page","link":"https:\/\/moodultrepp.ee\/fi\/rintal\/","title":{"rendered":"RINTAL"},"content":{"rendered":"\t\t<div data-elementor-type=\"wp-page\" data-elementor-id=\"56036\" class=\"elementor elementor-56036 elementor-48079\" data-elementor-post-type=\"page\">\n\t\t\t\t\t\t<section class=\"elementor-section elementor-top-section elementor-element elementor-element-a1bf1f5 elementor-section-boxed elementor-section-height-default elementor-section-height-default\" data-id=\"a1bf1f5\" data-element_type=\"section\">\n\t\t\t\t\t\t<div class=\"elementor-container elementor-column-gap-default\">\n\t\t\t\t\t<div class=\"elementor-column elementor-col-100 elementor-top-column elementor-element elementor-element-f79638f\" data-id=\"f79638f\" data-element_type=\"column\">\n\t\t\t<div class=\"elementor-widget-wrap elementor-element-populated\">\n\t\t\t\t\t\t<div class=\"elementor-element elementor-element-49bda8d elementor-widget elementor-widget-image\" data-id=\"49bda8d\" data-element_type=\"widget\" data-widget_type=\"image.default\">\n\t\t\t\t<div class=\"elementor-widget-container\">\n\t\t\t\t\t\t\t\t\t\t\t\t\t<img decoding=\"async\" width=\"195\" height=\"120\" src=\"https:\/\/moodultrepp.ee\/wp-content\/uploads\/2023\/12\/Rintal.png\" class=\"attachment-full size-full wp-image-54570\" alt=\"\" \/>\t\t\t\t\t\t\t\t\t\t\t\t\t<\/div>\n\t\t\t\t<\/div>\n\t\t\t\t\t<\/div>\n\t\t<\/div>\n\t\t\t\t\t<\/div>\n\t\t<\/section>\n\t\t\t\t<section class=\"elementor-section elementor-top-section elementor-element elementor-element-7eeb753 elementor-section-boxed elementor-section-height-default elementor-section-height-default\" data-id=\"7eeb753\" data-element_type=\"section\">\n\t\t\t\t\t\t<div class=\"elementor-container elementor-column-gap-default\">\n\t\t\t\t\t<div class=\"elementor-column elementor-col-100 elementor-top-column elementor-element elementor-element-f0304e7\" data-id=\"f0304e7\" data-element_type=\"column\">\n\t\t\t<div class=\"elementor-widget-wrap elementor-element-populated\">\n\t\t\t\t\t\t<div class=\"elementor-element elementor-element-e46eabd elementor-widget elementor-widget-text-editor\" data-id=\"e46eabd\" data-element_type=\"widget\" data-widget_type=\"text-editor.default\">\n\t\t\t\t<div class=\"elementor-widget-container\">\n\t\t\t\t\t\t\tRintal perustettiin vuonna 1974, ja yli 40 vuoden ajan se on kehittynyt yhdeksi maailman johtavista sis\u00e4portaiden valmistajista. Vuosien kokemuksen ja asiantuntemuksen ansiosta Rintal on kehitt\u00e4nyt laadukkaan tuotevalikoiman, joka vastaa sek\u00e4 kotitalouksien ett\u00e4 ammattilaisten tarpeisiin.\n<h3>RINTAL SMART DISAIN<\/h3>\nSmart Designin synonyymiksi on:\n<ul>\n \t<li dir=\"ltr\">Yksinkertainen muotoilu<\/li>\n \t<li dir=\"ltr\">Helppo kuljettaa \u2013 kaikki portaan osat, kuten rakenteet, askelmat ja kaiteet, mahtuvat yhteen laatikkoon.<\/li>\n \t<li dir=\"ltr\">S\u00e4\u00e4dett\u00e4vyys kaikkiin tiloihin \u2013 askelmien korkeuden ja syvyyden s\u00e4\u00e4t\u00f6j\u00e4rjestelm\u00e4 mahdollistaa portaan mukauttamisen olemassa olevaan tilaan.<\/li>\n \t<li dir=\"ltr\">Mukautetut ratkaisut \u2013 on mahdollista r\u00e4\u00e4t\u00e4l\u00f6id\u00e4 portaiden suunnittelua valitsemalla useista saatavilla olevista lis\u00e4varusteista.<\/li>\n \t<li dir=\"ltr\">Lyhyt toimitusaika \u2013 tuotannon standardointi v\u00e4hent\u00e4\u00e4 toimitusaikaa.<\/li>\n \t<li dir=\"ltr\">Helppo asentaa \u2013 &#8221;Tee se itse&#8221; -harrastajat voivat helposti asentaa portaat itse noudattamalla asennus- ja video-ohjeita.<\/li>\n<\/ul>\n<span style=\"text-decoration: underline;\"><a style=\"color: #005177; outline: 0px; text-decoration: underline;\" href=\"https:\/\/moodultrepp.ee\/wp-content\/uploads\/2024\/06\/Catalogue-Rintal-Smart-Design-Finnish.pdf\" target=\"_blank\" rel=\"noopener\">RINTAL SMART DISAIN KATALOGI<\/a><\/span>\n<br>\n<a href=\"https:\/\/www.rintal.com\/smart-design-rendering\/\">SMART DISAIN V\u00c4RIYHDISTELM\u00c4T<\/a>\t\t\t\t\t\t<\/div>\n\t\t\t\t<\/div>\n\t\t\t\t\t<\/div>\n\t\t<\/div>\n\t\t\t\t\t<\/div>\n\t\t<\/section>\n\t\t\t\t<\/div>\n\t\t","protected":false},"excerpt":{"rendered":"<p>Rintal perustettiin vuonna 1974, ja yli 40 vuoden ajan se on kehittynyt yhdeksi maailman johtavista sis\u00e4portaiden valmistajista. Vuosien kokemuksen ja asiantuntemuksen ansiosta Rintal on kehitt\u00e4nyt laadukkaan tuotevalikoiman, joka vastaa sek\u00e4 kotitalouksien ett\u00e4 ammattilaisten tarpeisiin. RINTAL SMART DISAIN Smart Designin synonyymiksi on: Yksinkertainen muotoilu Helppo kuljettaa \u2013 kaikki portaan osat, kuten rakenteet, askelmat ja kaiteet, mahtuvat&hellip;<\/p>\n","protected":false},"author":1,"featured_media":0,"parent":0,"menu_order":0,"comment_status":"closed","ping_status":"closed","template":"","meta":{"om_disable_all_campaigns":false,"_monsterinsights_skip_tracking":false,"_monsterinsights_sitenote_active":false,"_monsterinsights_sitenote_note":"","_monsterinsights_sitenote_category":0,"_uf_show_specific_survey":0,"_uf_disable_surveys":false,"footnotes":""},"class_list":["post-56036","page","type-page","status-publish","hentry"],"acf":[],"aioseo_notices":[],"_links":{"self":[{"href":"https:\/\/moodultrepp.ee\/fi\/wp-json\/wp\/v2\/pages\/56036","targetHints":{"allow":["GET"]}}],"collection":[{"href":"https:\/\/moodultrepp.ee\/fi\/wp-json\/wp\/v2\/pages"}],"about":[{"href":"https:\/\/moodultrepp.ee\/fi\/wp-json\/wp\/v2\/types\/page"}],"author":[{"embeddable":true,"href":"https:\/\/moodultrepp.ee\/fi\/wp-json\/wp\/v2\/users\/1"}],"replies":[{"embeddable":true,"href":"https:\/\/moodultrepp.ee\/fi\/wp-json\/wp\/v2\/comments?post=56036"}],"version-history":[{"count":5,"href":"https:\/\/moodultrepp.ee\/fi\/wp-json\/wp\/v2\/pages\/56036\/revisions"}],"predecessor-version":[{"id":56502,"href":"https:\/\/moodultrepp.ee\/fi\/wp-json\/wp\/v2\/pages\/56036\/revisions\/56502"}],"wp:attachment":[{"href":"https:\/\/moodultrepp.ee\/fi\/wp-json\/wp\/v2\/media?parent=56036"}],"curies":[{"name":"wp","href":"https:\/\/api.w.org\/{rel}","templated":true}]}}