{"id":55988,"date":"2023-10-05T17:08:57","date_gmt":"2023-10-05T17:08:57","guid":{"rendered":"https:\/\/moodultrepp.ee\/hinnapakkumise-saamine\/"},"modified":"2024-06-25T07:38:27","modified_gmt":"2024-06-25T07:38:27","slug":"hinnapakkumise-saamine","status":"publish","type":"page","link":"https:\/\/moodultrepp.ee\/fi\/hinnapakkumise-saamine\/","title":{"rendered":"Tarjouksen saaminen"},"content":{"rendered":"\t\t<div data-elementor-type=\"wp-page\" data-elementor-id=\"55988\" class=\"elementor elementor-55988 elementor-48113\" data-elementor-post-type=\"page\">\n\t\t\t\t\t\t<section class=\"elementor-section elementor-top-section elementor-element elementor-element-566413a elementor-section-boxed elementor-section-height-default elementor-section-height-default\" data-id=\"566413a\" data-element_type=\"section\">\n\t\t\t\t\t\t<div class=\"elementor-container elementor-column-gap-default\">\n\t\t\t\t\t<div class=\"elementor-column elementor-col-100 elementor-top-column elementor-element elementor-element-81933f3\" data-id=\"81933f3\" data-element_type=\"column\">\n\t\t\t<div class=\"elementor-widget-wrap elementor-element-populated\">\n\t\t\t\t\t\t<div class=\"elementor-element elementor-element-b043a76 elementor-widget elementor-widget-text-editor\" data-id=\"b043a76\" data-element_type=\"widget\" data-widget_type=\"text-editor.default\">\n\t\t\t\t<div class=\"elementor-widget-container\">\n\t\t\t\t\t\t\t<p>Portaat ovat todenn\u00e4k\u00f6isesti kerran el\u00e4m\u00e4ss\u00e4 teht\u00e4v\u00e4 hankinta, joten olemme koonneet t\u00e4m\u00e4n lyhyen oppaan, joka auttaa sinua prosessin l\u00e4pi.<\/p><p>Portaiden hinnoittelumme on hyvin yksinkertainen. Niiden hinta on mallikohtainen ja vaihtelee valitsemiesi materiaalien ja lis\u00e4varusteiden mukaan.<\/p><p>Saadaksesi tarjouksen portaista (jopa vakiokokoisista portaista) tarvitset meid\u00e4n apuamme, joten sinun on otettava meihin yhteytt\u00e4 puhelimitse tai s\u00e4hk\u00f6postitse. Tarjousten laatiminen kest\u00e4\u00e4 yleens\u00e4 enint\u00e4\u00e4n 48 tuntia.<\/p><p>Jokaisen tuotesivun alareunassa on <b>&#8221;Tee tiedustelu&#8221;<\/b> -linkkilomakkeeseen, joka sis\u00e4lt\u00e4\u00e4 tiedot, joita tarvitsemme tietyn mallin hinnan laatimiseksi, ja johon voit liitt\u00e4\u00e4 piirustuksia (PDF), luonnoksia tai valokuvia havainnollistamaan tarpeitasi.<\/p><p>Yleisesti ottaen meid\u00e4n on tiedett\u00e4v\u00e4 seuraavat asiat, kun kehit\u00e4mme hintaa <b>(katso alla oleva kuva, jossa on visuaalinen selitys kustakin elementist\u00e4)<\/b>:<\/p><ul><li aria-level=\"1\">Mielenkiintoinen portaikkomalli<\/li><li aria-level=\"1\">Portaiden muoto (kierreportaat, suorat portaat, L- tai U-portaat).<\/li><li aria-level=\"1\">Korkeus lattiasta toiseen (likim\u00e4\u00e4r\u00e4inenkin luku riitt\u00e4\u00e4, jos jokainen porras hinnoitellaan portaittain).<\/li><li aria-level=\"1\">Portaan leveys tai halkaisija. Huomaa, ett\u00e4 aukon on oltava 5 cm suurempi kuin portaikon leveys tai halkaisija.<\/li><li aria-level=\"1\">ymp\u00e4r\u00f6ivien seinien sijainti (jotta voimme lis\u00e4t\u00e4 tarvittavat porraskaiteet tai porrasaskelmat).<\/li><li aria-level=\"1\">askelmien ja portaiden kaiteiden materiaalivalinnat (esim. puulaji askelmiin ja karoihin tai lasilevyt kaiteisiin).<\/li><\/ul><p><img fetchpriority=\"high\" decoding=\"async\" class=\"aligncenter wp-image-48120 size-full\" src=\"https:\/\/moodultrepp.ee\/wp-content\/uploads\/2023\/10\/Screenshot-2023-10-05-at-20-13-40-Bottom-COLUMNs-OK.png\" alt=\"\" width=\"546\" height=\"480\" srcset=\"https:\/\/moodultrepp.ee\/wp-content\/uploads\/2023\/10\/Screenshot-2023-10-05-at-20-13-40-Bottom-COLUMNs-OK.png 546w, https:\/\/moodultrepp.ee\/wp-content\/uploads\/2023\/10\/Screenshot-2023-10-05-at-20-13-40-Bottom-COLUMNs-OK-300x264.png 300w\" sizes=\"(max-width: 546px) 100vw, 546px\" \/><\/p><p><b>PORTAIDEN YLEISET MITAT<\/b><\/p><p><b>A<\/b> &#8211; Valmis lattia ja lattian korkeus (mukaan lukien lattian viimeistely)<\/p><p><b>B<\/b> &#8211; Valmiin lattian ja v\u00e4lipohjan v\u00e4linen korkeus ja v\u00e4lipohjan paksuus<\/p><p><b>C<\/b> &#8211; Portaiden aukon pituus (maalipinta mukaan lukien)<\/p><p><b>D <\/b> &#8211; Portaikon aukon syvyys (viimeistelyll\u00e4)<\/p><p><b>E<\/b> &#8211; Portaikon kaltevuus kulmasta mitattuna.<\/p><p><b>F<\/b> &#8211; Askelkorkeus (et\u00e4isyys askelmasta askeleeseen)<\/p><p><b>G<\/b> &#8211; Askeletenem\u00e4 (askelsyvyys mitattuna ilman p\u00e4\u00e4llekk\u00e4isyytt\u00e4).<\/p><p><b>H<\/b> &#8211; Kierreportaiden ulkohalkaisija<\/p><h3><b>VALMIS TILAAMAAN?<\/b><\/h3><p>Kun olet saanut tarjouksen ja tehnyt p\u00e4\u00e4t\u00f6ksesi, sinun on otettava yhteytt\u00e4 toimistoon tilauksen vahvistamiseksi.<\/p><p>Tilauksen yhteydess\u00e4 l\u00e4het\u00e4mme sinulle lopullisen tarjouksen ja piirustuksen vahvistusta varten. Kopio allekirjoitetusta tarjouksesta ja piirustuksesta on palautettava meille ennen laskutuksen aloittamista.<\/p><p>Tuotantoaika alkaa toimitetun laskun maksup\u00e4iv\u00e4st\u00e4.<\/p>\t\t\t\t\t\t<\/div>\n\t\t\t\t<\/div>\n\t\t\t\t\t<\/div>\n\t\t<\/div>\n\t\t\t\t\t<\/div>\n\t\t<\/section>\n\t\t\t\t<\/div>\n\t\t","protected":false},"excerpt":{"rendered":"<p>Portaat ovat todenn\u00e4k\u00f6isesti kerran el\u00e4m\u00e4ss\u00e4 teht\u00e4v\u00e4 hankinta, joten olemme koonneet t\u00e4m\u00e4n lyhyen oppaan, joka auttaa sinua prosessin l\u00e4pi. Portaiden hinnoittelumme on hyvin yksinkertainen. Niiden hinta on mallikohtainen ja vaihtelee valitsemiesi materiaalien ja lis\u00e4varusteiden mukaan. Saadaksesi tarjouksen portaista (jopa vakiokokoisista portaista) tarvitset meid\u00e4n apuamme, joten sinun on otettava meihin yhteytt\u00e4 puhelimitse tai s\u00e4hk\u00f6postitse. Tarjousten laatiminen kest\u00e4\u00e4&hellip;<\/p>\n","protected":false},"author":1,"featured_media":0,"parent":0,"menu_order":0,"comment_status":"closed","ping_status":"closed","template":"","meta":{"om_disable_all_campaigns":false,"_monsterinsights_skip_tracking":false,"_monsterinsights_sitenote_active":false,"_monsterinsights_sitenote_note":"","_monsterinsights_sitenote_category":0,"_uf_show_specific_survey":0,"_uf_disable_surveys":false,"footnotes":""},"class_list":["post-55988","page","type-page","status-publish","hentry"],"acf":[],"aioseo_notices":[],"_links":{"self":[{"href":"https:\/\/moodultrepp.ee\/fi\/wp-json\/wp\/v2\/pages\/55988","targetHints":{"allow":["GET"]}}],"collection":[{"href":"https:\/\/moodultrepp.ee\/fi\/wp-json\/wp\/v2\/pages"}],"about":[{"href":"https:\/\/moodultrepp.ee\/fi\/wp-json\/wp\/v2\/types\/page"}],"author":[{"embeddable":true,"href":"https:\/\/moodultrepp.ee\/fi\/wp-json\/wp\/v2\/users\/1"}],"replies":[{"embeddable":true,"href":"https:\/\/moodultrepp.ee\/fi\/wp-json\/wp\/v2\/comments?post=55988"}],"version-history":[{"count":5,"href":"https:\/\/moodultrepp.ee\/fi\/wp-json\/wp\/v2\/pages\/55988\/revisions"}],"predecessor-version":[{"id":56509,"href":"https:\/\/moodultrepp.ee\/fi\/wp-json\/wp\/v2\/pages\/55988\/revisions\/56509"}],"wp:attachment":[{"href":"https:\/\/moodultrepp.ee\/fi\/wp-json\/wp\/v2\/media?parent=55988"}],"curies":[{"name":"wp","href":"https:\/\/api.w.org\/{rel}","templated":true}]}}