{"id":55985,"date":"2023-10-05T17:17:15","date_gmt":"2023-10-05T17:17:15","guid":{"rendered":"https:\/\/moodultrepp.ee\/kohale-toimetamine\/"},"modified":"2024-05-29T14:57:37","modified_gmt":"2024-05-29T14:57:37","slug":"kohale-toimetamine","status":"publish","type":"page","link":"https:\/\/moodultrepp.ee\/fi\/kohale-toimetamine\/","title":{"rendered":"Toimitus"},"content":{"rendered":"\t\t<div data-elementor-type=\"wp-page\" data-elementor-id=\"55985\" class=\"elementor elementor-55985 elementor-48124\" data-elementor-post-type=\"page\">\n\t\t\t\t\t\t<section class=\"elementor-section elementor-top-section elementor-element elementor-element-f777a7e elementor-section-boxed elementor-section-height-default elementor-section-height-default\" data-id=\"f777a7e\" data-element_type=\"section\">\n\t\t\t\t\t\t<div class=\"elementor-container elementor-column-gap-default\">\n\t\t\t\t\t<div class=\"elementor-column elementor-col-100 elementor-top-column elementor-element elementor-element-59b626e\" data-id=\"59b626e\" data-element_type=\"column\">\n\t\t\t<div class=\"elementor-widget-wrap elementor-element-populated\">\n\t\t\t\t\t\t<div class=\"elementor-element elementor-element-8a56b41 elementor-widget elementor-widget-text-editor\" data-id=\"8a56b41\" data-element_type=\"widget\" data-widget_type=\"text-editor.default\">\n\t\t\t\t<div class=\"elementor-widget-container\">\n\t\t\t\t\t\t\t<p>Kaikki modulaariset portaat toimitetaan kuormalavalaatikossa, ja ne toimitetaan kuorma-autolla, jossa on takaluukunostin purkamista varten. Kuljetusyritys ottaa sinuun yleens\u00e4 yhteytt\u00e4 edellisen\u00e4 p\u00e4iv\u00e4n\u00e4 toimitusajan sopimiseksi.<\/p>\n<p>Modulaaristen tikkaiden toimitusaika on 6-8 viikkoa mallista ja tilattujen lis\u00e4varusteiden m\u00e4\u00e4r\u00e4st\u00e4 riippuen.<\/p>\n\t\t\t\t\t\t<\/div>\n\t\t\t\t<\/div>\n\t\t\t\t\t<\/div>\n\t\t<\/div>\n\t\t\t\t\t<\/div>\n\t\t<\/section>\n\t\t\t\t<\/div>\n\t\t","protected":false},"excerpt":{"rendered":"<p>Kaikki modulaariset portaat toimitetaan kuormalavalaatikossa, ja ne toimitetaan kuorma-autolla, jossa on takaluukunostin purkamista varten. Kuljetusyritys ottaa sinuun yleens\u00e4 yhteytt\u00e4 edellisen\u00e4 p\u00e4iv\u00e4n\u00e4 toimitusajan sopimiseksi. Modulaaristen tikkaiden toimitusaika on 6-8 viikkoa mallista ja tilattujen lis\u00e4varusteiden m\u00e4\u00e4r\u00e4st\u00e4 riippuen.<\/p>\n","protected":false},"author":1,"featured_media":0,"parent":0,"menu_order":0,"comment_status":"closed","ping_status":"closed","template":"","meta":{"om_disable_all_campaigns":false,"_monsterinsights_skip_tracking":false,"_monsterinsights_sitenote_active":false,"_monsterinsights_sitenote_note":"","_monsterinsights_sitenote_category":0,"_uf_show_specific_survey":0,"_uf_disable_surveys":false,"footnotes":""},"class_list":["post-55985","page","type-page","status-publish","hentry"],"acf":[],"aioseo_notices":[],"_links":{"self":[{"href":"https:\/\/moodultrepp.ee\/fi\/wp-json\/wp\/v2\/pages\/55985","targetHints":{"allow":["GET"]}}],"collection":[{"href":"https:\/\/moodultrepp.ee\/fi\/wp-json\/wp\/v2\/pages"}],"about":[{"href":"https:\/\/moodultrepp.ee\/fi\/wp-json\/wp\/v2\/types\/page"}],"author":[{"embeddable":true,"href":"https:\/\/moodultrepp.ee\/fi\/wp-json\/wp\/v2\/users\/1"}],"replies":[{"embeddable":true,"href":"https:\/\/moodultrepp.ee\/fi\/wp-json\/wp\/v2\/comments?post=55985"}],"version-history":[{"count":2,"href":"https:\/\/moodultrepp.ee\/fi\/wp-json\/wp\/v2\/pages\/55985\/revisions"}],"predecessor-version":[{"id":55987,"href":"https:\/\/moodultrepp.ee\/fi\/wp-json\/wp\/v2\/pages\/55985\/revisions\/55987"}],"wp:attachment":[{"href":"https:\/\/moodultrepp.ee\/fi\/wp-json\/wp\/v2\/media?parent=55985"}],"curies":[{"name":"wp","href":"https:\/\/api.w.org\/{rel}","templated":true}]}}